{"id":1354,"date":"2025-06-27T13:55:31","date_gmt":"2025-06-27T13:55:31","guid":{"rendered":"https:\/\/veloura.uiparadox.com\/?page_id=1354"},"modified":"2026-01-08T11:55:00","modified_gmt":"2026-01-08T11:55:00","slug":"blog","status":"publish","type":"page","link":"https:\/\/iris-ink.pl\/index.php\/blog\/","title":{"rendered":"Blog"},"content":{"rendered":"\t\t<div data-elementor-type=\"wp-page\" data-elementor-id=\"1354\" class=\"elementor elementor-1354\">\n\t\t\t\t<div class=\"elementor-element elementor-element-3ac2c88 e-flex e-con-boxed e-con e-parent\" data-id=\"3ac2c88\" data-element_type=\"container\">\n\t\t\t\t\t<div class=\"e-con-inner\">\n\t\t\t\t<div class=\"elementor-element elementor-element-e51cd2e elementor-widget elementor-widget-veloura_recent_post_two\" data-id=\"e51cd2e\" data-element_type=\"widget\" data-widget_type=\"veloura_recent_post_two.default\">\n\t\t\t\t<div class=\"elementor-widget-container\">\n\t\t\t\t\t        <div class=\"veloura-recent-post-two-wrapper\">\n            <div class=\"row\">\n                                    <div class=\"veloura-single-post-two-item col-xl-4 col-md-6\">\n                        <article id=\"post-5888\" class=\"post-5888 post type-post status-publish format-standard has-post-thumbnail hentry category-makijaz-permanentny-brwi\">\n                            <!-- [\u2713] Thumbnail -->\n                            <div class=\"veloura-post-thumbnail veloura-cover-bg\"\n                                style=\"background-image: url(https:\/\/iris-ink.pl\/wp-content\/uploads\/2025\/12\/blog_makijaz_permanentny.png)\"><\/div>\n\n                            <div class=\"veloura-recent-post-two-content\">\n                                <!-- [\u2713] Meta Information -->\n                                <div class=\"veloura-post-meta post-meta\">\n                                    <ul class=\"veloura-list-style veloura-list-inline\">\n                                                                                    <li><span class=\"byline\"><svg xmlns=\"http:\/\/www.w3.org\/2000\/svg\" width=\"16\" height=\"16\" viewBox=\"0 0 16 16\" fill=\"none\">\n  <path d=\"M14 15.0002V13.4446C14 12.6195 13.6839 11.8282 13.1213 11.2447C12.5587 10.6613 11.7956 10.3335 11 10.3335H5C4.20435 10.3335 3.44129 10.6613 2.87868 11.2447C2.31607 11.8282 2 12.6195 2 13.4446V15.0002\" stroke=\"#567656\" stroke-width=\"1.5\" stroke-linecap=\"round\" stroke-linejoin=\"round\"\/>\n  <path d=\"M8 7.22222C9.65685 7.22222 11 5.82933 11 4.11111C11 2.39289 9.65685 1 8 1C6.34315 1 5 2.39289 5 4.11111C5 5.82933 6.34315 7.22222 8 7.22222Z\" stroke=\"#567656\" stroke-width=\"1.5\" stroke-linecap=\"round\" stroke-linejoin=\"round\"\/>\n<\/svg>  <span class=\"author vcard\">Anna Bartosik<\/span><\/span><\/li>\n                                        \n                                                                                    <li class=\"post-date\">\n                                                <svg xmlns=\"http:\/\/www.w3.org\/2000\/svg\" width=\"16\" height=\"16\" viewBox=\"0 0 16 16\"\n                                                    fill=\"none\">\n                                                    <path\n                                                        d=\"M12.6667 2.3999H3.33333C2.59695 2.3999 2 3.0267 2 3.7999V13.5999C2 14.3731 2.59695 14.9999 3.33333 14.9999H12.6667C13.403 14.9999 14 14.3731 14 13.5999V3.7999C14 3.0267 13.403 2.3999 12.6667 2.3999Z\"\n                                                        stroke=\"#567656\" stroke-width=\"1.5\" stroke-linecap=\"round\"\n                                                        stroke-linejoin=\"round\" \/>\n                                                    <path d=\"M10.666 1V3.8\" stroke=\"#567656\" stroke-width=\"1.5\" stroke-linecap=\"round\"\n                                                        stroke-linejoin=\"round\" \/>\n                                                    <path d=\"M5.33398 1V3.8\" stroke=\"#567656\" stroke-width=\"1.5\" stroke-linecap=\"round\"\n                                                        stroke-linejoin=\"round\" \/>\n                                                    <path d=\"M2 6.6001H14\" stroke=\"#567656\" stroke-width=\"1.5\" stroke-linecap=\"round\"\n                                                        stroke-linejoin=\"round\" \/>\n                                                <\/svg>\n                                                <time datetime=\"2026-01-01T10:32:31+00:00\">\n                                                    1 stycznia, 2026                                                <\/time>\n                                            <\/li>\n                                                                            <\/ul>\n                                <\/div>\n\n                                <!-- [\u2713] Title -->\n                                <div class=\"veloura-recent-post-two-title\">\n                                    <a href=\"https:\/\/iris-ink.pl\/index.php\/2026\/01\/01\/makijaz-permanentny-brwi-co-naprawde-warto-wiedziec-przed-zabiegiem\/\">\n                                        <h4 class=\"post-title\">\n                                            Makija\u017c permanentny brwi \u2013 co naprawd\u0119 warto wiedzie\u0107 przed zabiegiem?                                        <\/h4>\n                                    <\/a>\n                                <\/div>\n\n                                <!-- [\u2713] Excerpt -->\n                                \n                                <!-- [\u2713] Read More Button -->\n                                <div class=\"recent-post-two-button\">\n                                    <a class=\"veloura-button\" href=\"https:\/\/iris-ink.pl\/index.php\/2026\/01\/01\/makijaz-permanentny-brwi-co-naprawde-warto-wiedziec-przed-zabiegiem\/\">\n                                        Czytaj wi\u0119cej                                        <svg xmlns=\"http:\/\/www.w3.org\/2000\/svg\" width=\"20\" height=\"11\" viewBox=\"0 0 20 11\"\n                                            fill=\"none\">\n                                            <path d=\"M1 5.5L19 5.5\" stroke=\"#45474F\" stroke-width=\"1.5\" stroke-linecap=\"round\"\n                                                stroke-linejoin=\"round\" \/>\n                                            <path d=\"M13.75 1L19 5.5L13.75 10\" stroke=\"#45474F\" stroke-width=\"1.5\"\n                                                stroke-linecap=\"round\" stroke-linejoin=\"round\" \/>\n                                        <\/svg>\n                                    <\/a>\n                                <\/div>\n                            <\/div>\n                        <\/article>\n                    <\/div>\n                                    <div class=\"veloura-single-post-two-item col-xl-4 col-md-6\">\n                        <article id=\"post-5889\" class=\"post-5889 post type-post status-publish format-standard has-post-thumbnail hentry category-laminacja-brwi-farbka\">\n                            <!-- [\u2713] Thumbnail -->\n                            <div class=\"veloura-post-thumbnail veloura-cover-bg\"\n                                style=\"background-image: url(https:\/\/iris-ink.pl\/wp-content\/uploads\/2025\/12\/blog_henna_czy_laminacja.png)\"><\/div>\n\n                            <div class=\"veloura-recent-post-two-content\">\n                                <!-- [\u2713] Meta Information -->\n                                <div class=\"veloura-post-meta post-meta\">\n                                    <ul class=\"veloura-list-style veloura-list-inline\">\n                                                                                    <li><span class=\"byline\"><svg xmlns=\"http:\/\/www.w3.org\/2000\/svg\" width=\"16\" height=\"16\" viewBox=\"0 0 16 16\" fill=\"none\">\n  <path d=\"M14 15.0002V13.4446C14 12.6195 13.6839 11.8282 13.1213 11.2447C12.5587 10.6613 11.7956 10.3335 11 10.3335H5C4.20435 10.3335 3.44129 10.6613 2.87868 11.2447C2.31607 11.8282 2 12.6195 2 13.4446V15.0002\" stroke=\"#567656\" stroke-width=\"1.5\" stroke-linecap=\"round\" stroke-linejoin=\"round\"\/>\n  <path d=\"M8 7.22222C9.65685 7.22222 11 5.82933 11 4.11111C11 2.39289 9.65685 1 8 1C6.34315 1 5 2.39289 5 4.11111C5 5.82933 6.34315 7.22222 8 7.22222Z\" stroke=\"#567656\" stroke-width=\"1.5\" stroke-linecap=\"round\" stroke-linejoin=\"round\"\/>\n<\/svg>  <span class=\"author vcard\">Anna Bartosik<\/span><\/span><\/li>\n                                        \n                                                                                    <li class=\"post-date\">\n                                                <svg xmlns=\"http:\/\/www.w3.org\/2000\/svg\" width=\"16\" height=\"16\" viewBox=\"0 0 16 16\"\n                                                    fill=\"none\">\n                                                    <path\n                                                        d=\"M12.6667 2.3999H3.33333C2.59695 2.3999 2 3.0267 2 3.7999V13.5999C2 14.3731 2.59695 14.9999 3.33333 14.9999H12.6667C13.403 14.9999 14 14.3731 14 13.5999V3.7999C14 3.0267 13.403 2.3999 12.6667 2.3999Z\"\n                                                        stroke=\"#567656\" stroke-width=\"1.5\" stroke-linecap=\"round\"\n                                                        stroke-linejoin=\"round\" \/>\n                                                    <path d=\"M10.666 1V3.8\" stroke=\"#567656\" stroke-width=\"1.5\" stroke-linecap=\"round\"\n                                                        stroke-linejoin=\"round\" \/>\n                                                    <path d=\"M5.33398 1V3.8\" stroke=\"#567656\" stroke-width=\"1.5\" stroke-linecap=\"round\"\n                                                        stroke-linejoin=\"round\" \/>\n                                                    <path d=\"M2 6.6001H14\" stroke=\"#567656\" stroke-width=\"1.5\" stroke-linecap=\"round\"\n                                                        stroke-linejoin=\"round\" \/>\n                                                <\/svg>\n                                                <time datetime=\"2025-12-15T10:32:23+00:00\">\n                                                    15 grudnia, 2025                                                <\/time>\n                                            <\/li>\n                                                                            <\/ul>\n                                <\/div>\n\n                                <!-- [\u2713] Title -->\n                                <div class=\"veloura-recent-post-two-title\">\n                                    <a href=\"https:\/\/iris-ink.pl\/index.php\/2025\/12\/15\/laminacja-brwi-czy-henna-pudrowa-co-wybrac\/\">\n                                        <h4 class=\"post-title\">\n                                            Laminacja brwi czy henna pudrowa \u2014 co wybra\u0107?                                        <\/h4>\n                                    <\/a>\n                                <\/div>\n\n                                <!-- [\u2713] Excerpt -->\n                                \n                                <!-- [\u2713] Read More Button -->\n                                <div class=\"recent-post-two-button\">\n                                    <a class=\"veloura-button\" href=\"https:\/\/iris-ink.pl\/index.php\/2025\/12\/15\/laminacja-brwi-czy-henna-pudrowa-co-wybrac\/\">\n                                        Czytaj wi\u0119cej                                        <svg xmlns=\"http:\/\/www.w3.org\/2000\/svg\" width=\"20\" height=\"11\" viewBox=\"0 0 20 11\"\n                                            fill=\"none\">\n                                            <path d=\"M1 5.5L19 5.5\" stroke=\"#45474F\" stroke-width=\"1.5\" stroke-linecap=\"round\"\n                                                stroke-linejoin=\"round\" \/>\n                                            <path d=\"M13.75 1L19 5.5L13.75 10\" stroke=\"#45474F\" stroke-width=\"1.5\"\n                                                stroke-linecap=\"round\" stroke-linejoin=\"round\" \/>\n                                        <\/svg>\n                                    <\/a>\n                                <\/div>\n                            <\/div>\n                        <\/article>\n                    <\/div>\n                                    <div class=\"veloura-single-post-two-item col-xl-4 col-md-6\">\n                        <article id=\"post-5890\" class=\"post-5890 post type-post status-publish format-standard has-post-thumbnail hentry category-piercing\">\n                            <!-- [\u2713] Thumbnail -->\n                            <div class=\"veloura-post-thumbnail veloura-cover-bg\"\n                                style=\"background-image: url(https:\/\/iris-ink.pl\/wp-content\/uploads\/2025\/12\/blog_piercing.png)\"><\/div>\n\n                            <div class=\"veloura-recent-post-two-content\">\n                                <!-- [\u2713] Meta Information -->\n                                <div class=\"veloura-post-meta post-meta\">\n                                    <ul class=\"veloura-list-style veloura-list-inline\">\n                                                                                    <li><span class=\"byline\"><svg xmlns=\"http:\/\/www.w3.org\/2000\/svg\" width=\"16\" height=\"16\" viewBox=\"0 0 16 16\" fill=\"none\">\n  <path d=\"M14 15.0002V13.4446C14 12.6195 13.6839 11.8282 13.1213 11.2447C12.5587 10.6613 11.7956 10.3335 11 10.3335H5C4.20435 10.3335 3.44129 10.6613 2.87868 11.2447C2.31607 11.8282 2 12.6195 2 13.4446V15.0002\" stroke=\"#567656\" stroke-width=\"1.5\" stroke-linecap=\"round\" stroke-linejoin=\"round\"\/>\n  <path d=\"M8 7.22222C9.65685 7.22222 11 5.82933 11 4.11111C11 2.39289 9.65685 1 8 1C6.34315 1 5 2.39289 5 4.11111C5 5.82933 6.34315 7.22222 8 7.22222Z\" stroke=\"#567656\" stroke-width=\"1.5\" stroke-linecap=\"round\" stroke-linejoin=\"round\"\/>\n<\/svg>  <span class=\"author vcard\">Anna Bartosik<\/span><\/span><\/li>\n                                        \n                                                                                    <li class=\"post-date\">\n                                                <svg xmlns=\"http:\/\/www.w3.org\/2000\/svg\" width=\"16\" height=\"16\" viewBox=\"0 0 16 16\"\n                                                    fill=\"none\">\n                                                    <path\n                                                        d=\"M12.6667 2.3999H3.33333C2.59695 2.3999 2 3.0267 2 3.7999V13.5999C2 14.3731 2.59695 14.9999 3.33333 14.9999H12.6667C13.403 14.9999 14 14.3731 14 13.5999V3.7999C14 3.0267 13.403 2.3999 12.6667 2.3999Z\"\n                                                        stroke=\"#567656\" stroke-width=\"1.5\" stroke-linecap=\"round\"\n                                                        stroke-linejoin=\"round\" \/>\n                                                    <path d=\"M10.666 1V3.8\" stroke=\"#567656\" stroke-width=\"1.5\" stroke-linecap=\"round\"\n                                                        stroke-linejoin=\"round\" \/>\n                                                    <path d=\"M5.33398 1V3.8\" stroke=\"#567656\" stroke-width=\"1.5\" stroke-linecap=\"round\"\n                                                        stroke-linejoin=\"round\" \/>\n                                                    <path d=\"M2 6.6001H14\" stroke=\"#567656\" stroke-width=\"1.5\" stroke-linecap=\"round\"\n                                                        stroke-linejoin=\"round\" \/>\n                                                <\/svg>\n                                                <time datetime=\"2025-12-01T10:31:59+00:00\">\n                                                    1 grudnia, 2025                                                <\/time>\n                                            <\/li>\n                                                                            <\/ul>\n                                <\/div>\n\n                                <!-- [\u2713] Title -->\n                                <div class=\"veloura-recent-post-two-title\">\n                                    <a href=\"https:\/\/iris-ink.pl\/index.php\/2025\/12\/01\/piercing-w-2025-roku-jakie-przeklucia-trenduja\/\">\n                                        <h4 class=\"post-title\">\n                                            Piercing w 2025 roku \u2013 jakie przek\u0142ucia trenduj\u0105?                                        <\/h4>\n                                    <\/a>\n                                <\/div>\n\n                                <!-- [\u2713] Excerpt -->\n                                \n                                <!-- [\u2713] Read More Button -->\n                                <div class=\"recent-post-two-button\">\n                                    <a class=\"veloura-button\" href=\"https:\/\/iris-ink.pl\/index.php\/2025\/12\/01\/piercing-w-2025-roku-jakie-przeklucia-trenduja\/\">\n                                        Czytaj wi\u0119cej                                        <svg xmlns=\"http:\/\/www.w3.org\/2000\/svg\" width=\"20\" height=\"11\" viewBox=\"0 0 20 11\"\n                                            fill=\"none\">\n                                            <path d=\"M1 5.5L19 5.5\" stroke=\"#45474F\" stroke-width=\"1.5\" stroke-linecap=\"round\"\n                                                stroke-linejoin=\"round\" \/>\n                                            <path d=\"M13.75 1L19 5.5L13.75 10\" stroke=\"#45474F\" stroke-width=\"1.5\"\n                                                stroke-linecap=\"round\" stroke-linejoin=\"round\" \/>\n                                        <\/svg>\n                                    <\/a>\n                                <\/div>\n                            <\/div>\n                        <\/article>\n                    <\/div>\n                            <\/div>\n        <\/div>\n        \t\t\t\t<\/div>\n\t\t\t\t<\/div>\n\t\t\t\t\t<\/div>\n\t\t\t\t<\/div>\n\t\t\t\t<\/div>\n\t\t","protected":false},"excerpt":{"rendered":"<p>Anna Bartosik 1 stycznia, 2026 Makija\u017c permanentny brwi \u2013 co naprawd\u0119 warto wiedzie\u0107 przed zabiegiem? Czytaj wi\u0119cej Anna Bartosik 15 grudnia, 2025 Laminacja brwi czy henna pudrowa \u2014 co wybra\u0107? Czytaj wi\u0119cej Anna Bartosik 1 grudnia, 2025 Piercing w 2025 roku \u2013 jakie przek\u0142ucia trenduj\u0105? Czytaj wi\u0119cej<\/p>\n","protected":false},"author":1,"featured_media":0,"parent":0,"menu_order":0,"comment_status":"closed","ping_status":"closed","template":"","meta":{"inline_featured_image":false,"footnotes":""},"class_list":["post-1354","page","type-page","status-publish","hentry"],"_links":{"self":[{"href":"https:\/\/iris-ink.pl\/index.php\/wp-json\/wp\/v2\/pages\/1354","targetHints":{"allow":["GET"]}}],"collection":[{"href":"https:\/\/iris-ink.pl\/index.php\/wp-json\/wp\/v2\/pages"}],"about":[{"href":"https:\/\/iris-ink.pl\/index.php\/wp-json\/wp\/v2\/types\/page"}],"author":[{"embeddable":true,"href":"https:\/\/iris-ink.pl\/index.php\/wp-json\/wp\/v2\/users\/1"}],"replies":[{"embeddable":true,"href":"https:\/\/iris-ink.pl\/index.php\/wp-json\/wp\/v2\/comments?post=1354"}],"version-history":[{"count":4,"href":"https:\/\/iris-ink.pl\/index.php\/wp-json\/wp\/v2\/pages\/1354\/revisions"}],"predecessor-version":[{"id":6274,"href":"https:\/\/iris-ink.pl\/index.php\/wp-json\/wp\/v2\/pages\/1354\/revisions\/6274"}],"wp:attachment":[{"href":"https:\/\/iris-ink.pl\/index.php\/wp-json\/wp\/v2\/media?parent=1354"}],"curies":[{"name":"wp","href":"https:\/\/api.w.org\/{rel}","templated":true}]}}