{"id":5332,"date":"2025-05-01T10:20:05","date_gmt":"2025-05-01T10:20:05","guid":{"rendered":"https:\/\/veloura.uiparadox.com\/?page_id=134"},"modified":"2026-01-14T13:50:56","modified_gmt":"2026-01-14T13:50:56","slug":"kontakt","status":"publish","type":"page","link":"https:\/\/iris-ink.pl\/index.php\/kontakt\/","title":{"rendered":"Kontakt"},"content":{"rendered":"\t\t<div data-elementor-type=\"wp-page\" data-elementor-id=\"5332\" class=\"elementor elementor-5332\">\n\t\t\t\t\t\t<section class=\"elementor-section elementor-top-section elementor-element elementor-element-89b6514 elementor-section-stretched elementor-section-boxed elementor-section-height-default elementor-section-height-default\" data-id=\"89b6514\" data-element_type=\"section\" data-settings=\"{&quot;stretch_section&quot;:&quot;section-stretched&quot;,&quot;background_background&quot;:&quot;classic&quot;}\">\n\t\t\t\t\t\t<div class=\"elementor-container elementor-column-gap-default\">\n\t\t\t\t\t<div class=\"elementor-column elementor-col-100 elementor-top-column elementor-element elementor-element-ce43a34\" data-id=\"ce43a34\" data-element_type=\"column\">\n\t\t\t<div class=\"elementor-widget-wrap elementor-element-populated\">\n\t\t\t\t\t\t<div class=\"elementor-element elementor-element-981a05b elementor-widget elementor-widget-veloura_contact_box_one\" data-id=\"981a05b\" data-element_type=\"widget\" data-widget_type=\"veloura_contact_box_one.default\">\n\t\t\t\t<div class=\"elementor-widget-container\">\n\t\t\t\t\t\n        <div class=\"veloura-contact-box-wrapper\">\n            <div class=\"row\">\n                                        <div class=\"col-xl-4 col-lg-4 col-md-6\">\n                            <div class=\"contact-box-one-item\">\n\n                                <div class=\"contact-one-icon\">\n                                    <i aria-hidden=\"true\" class=\"veloura-icon flaticon-phone-call\"><\/i>                                <\/div>\n\n                                <div class=\"contact-one-content\">\n                                    <h4 class=\"veloura-contact-one-title\">Telefon<\/h4>\n\n                                    <div class=\"veloura-contact-one-desc veloura-last-p-0\">\n                                        <ul>\n \t<li><a href=\"tel:510 673 305\">510 673 305 <\/a><\/li>\n<\/ul>                                    <\/div>\n                                <\/div>\n                            <\/div>\n                        <\/div>\n                                            <div class=\"col-xl-4 col-lg-4 col-md-6\">\n                            <div class=\"contact-box-one-item\">\n\n                                <div class=\"contact-one-icon\">\n                                    <i aria-hidden=\"true\" class=\"veloura-icon flaticon-map\"><\/i>                                <\/div>\n\n                                <div class=\"contact-one-content\">\n                                    <h4 class=\"veloura-contact-one-title\">Adres<\/h4>\n\n                                    <div class=\"veloura-contact-one-desc veloura-last-p-0\">\n                                        ul. Misjonarzy Oblat\u00f3w MN 27 lok. 6 <br>\n40-129 Katowice                                    <\/div>\n                                <\/div>\n                            <\/div>\n                        <\/div>\n                                            <div class=\"col-xl-4 col-lg-4 col-md-6\">\n                            <div class=\"contact-box-one-item\">\n\n                                <div class=\"contact-one-icon\">\n                                    <i aria-hidden=\"true\" class=\"veloura-icon flaticon-email\"><\/i>                                <\/div>\n\n                                <div class=\"contact-one-content\">\n                                    <h4 class=\"veloura-contact-one-title\">Email<\/h4>\n\n                                    <div class=\"veloura-contact-one-desc veloura-last-p-0\">\n                                        <a href=\"mailto:kontakt@iris-ink.pl\">kontakt@iris-ink.pl<\/a>                                    <\/div>\n                                <\/div>\n                            <\/div>\n                        <\/div>\n                                <\/div>\n        <\/div>\n        \t\t\t\t<\/div>\n\t\t\t\t<\/div>\n\t\t\t\t\t<\/div>\n\t\t<\/div>\n\t\t\t\t\t<\/div>\n\t\t<\/section>\n\t\t\t\t<section class=\"elementor-section elementor-top-section elementor-element elementor-element-c9c5b2e elementor-section-stretched elementor-section-boxed elementor-section-height-default elementor-section-height-default\" data-id=\"c9c5b2e\" data-element_type=\"section\" data-settings=\"{&quot;stretch_section&quot;:&quot;section-stretched&quot;,&quot;background_background&quot;:&quot;classic&quot;}\">\n\t\t\t\t\t\t<div class=\"elementor-container elementor-column-gap-default\">\n\t\t\t\t\t<div class=\"elementor-column elementor-col-100 elementor-top-column elementor-element elementor-element-85838db\" data-id=\"85838db\" data-element_type=\"column\">\n\t\t\t<div class=\"elementor-widget-wrap elementor-element-populated\">\n\t\t\t\t\t\t<div class=\"elementor-element elementor-element-cae24fa elementor-widget elementor-widget-google_maps\" data-id=\"cae24fa\" data-element_type=\"widget\" data-widget_type=\"google_maps.default\">\n\t\t\t\t\t\t\t<div class=\"elementor-custom-embed\">\n\t\t\t<iframe loading=\"lazy\"\n\t\t\t\t\tsrc=\"https:\/\/maps.google.com\/maps?q=ul.%20Misjonarzy%20Oblat%C3%B3w%20MN%2027%20lok.%206%2040-129%20Katowice&#038;t=m&#038;z=13&#038;output=embed&#038;iwloc=near\"\n\t\t\t\t\ttitle=\"ul. Misjonarzy Oblat\u00f3w MN 27 lok. 6 40-129 Katowice\"\n\t\t\t\t\taria-label=\"ul. Misjonarzy Oblat\u00f3w MN 27 lok. 6 40-129 Katowice\"\n\t\t\t><\/iframe>\n\t\t<\/div>\n\t\t\t\t\t\t<\/div>\n\t\t\t\t\t<\/div>\n\t\t<\/div>\n\t\t\t\t\t<\/div>\n\t\t<\/section>\n\t\t\t\t<section class=\"elementor-section elementor-top-section elementor-element elementor-element-9e1d0fe elementor-section-stretched elementor-section-boxed elementor-section-height-default elementor-section-height-default\" data-id=\"9e1d0fe\" data-element_type=\"section\" data-settings=\"{&quot;stretch_section&quot;:&quot;section-stretched&quot;,&quot;background_background&quot;:&quot;classic&quot;}\">\n\t\t\t\t\t\t<div class=\"elementor-container elementor-column-gap-default\">\n\t\t\t\t\t<div class=\"elementor-column elementor-col-50 elementor-top-column elementor-element elementor-element-be7f840\" data-id=\"be7f840\" data-element_type=\"column\">\n\t\t\t<div class=\"elementor-widget-wrap elementor-element-populated\">\n\t\t\t\t\t\t<div class=\"elementor-element elementor-element-729fd7d elementor-widget elementor-widget-image\" data-id=\"729fd7d\" data-element_type=\"widget\" data-widget_type=\"image.default\">\n\t\t\t\t\t\t\t\t\t\t\t\t\t\t\t<img fetchpriority=\"high\" decoding=\"async\" width=\"1024\" height=\"1024\" src=\"https:\/\/iris-ink.pl\/wp-content\/uploads\/2026\/01\/3_strona_glowna_O_MNIE-1024x1024.png\" class=\"attachment-large size-large wp-image-6374\" alt=\"\" srcset=\"https:\/\/iris-ink.pl\/wp-content\/uploads\/2026\/01\/3_strona_glowna_O_MNIE-1024x1024.png 1024w, https:\/\/iris-ink.pl\/wp-content\/uploads\/2026\/01\/3_strona_glowna_O_MNIE-300x300.png 300w, https:\/\/iris-ink.pl\/wp-content\/uploads\/2026\/01\/3_strona_glowna_O_MNIE-150x150.png 150w, https:\/\/iris-ink.pl\/wp-content\/uploads\/2026\/01\/3_strona_glowna_O_MNIE-768x768.png 768w, https:\/\/iris-ink.pl\/wp-content\/uploads\/2026\/01\/3_strona_glowna_O_MNIE.png 1500w\" sizes=\"(max-width: 1024px) 100vw, 1024px\" \/>\t\t\t\t\t\t\t\t\t\t\t\t\t\t\t<\/div>\n\t\t\t\t\t<\/div>\n\t\t<\/div>\n\t\t\t\t<div class=\"elementor-column elementor-col-50 elementor-top-column elementor-element elementor-element-9120d1a\" data-id=\"9120d1a\" data-element_type=\"column\">\n\t\t\t<div class=\"elementor-widget-wrap elementor-element-populated\">\n\t\t\t\t\t\t<div class=\"elementor-element elementor-element-8dd99df elementor-widget elementor-widget-veloura_contact_form7\" data-id=\"8dd99df\" data-element_type=\"widget\" data-widget_type=\"veloura_contact_form7.default\">\n\t\t\t\t<div class=\"elementor-widget-container\">\n\t\t\t\t\t\r\n\t\t<div class=\"veloura-contact-form7-wrapper\">\r\n            <div class=\"veloura-cf7-contact-form\">\r\n                <div class=\"veloura-contact-form-container\">\r\n                    <h2 class=\"veloura-form-title\">Formularz kontaktowy<\/h2>\r\n                                            <div class=\"veloura-contact-form-container\">\r\n                            \n<div class=\"wpcf7 no-js\" id=\"wpcf7-f1287-o1\" lang=\"en-US\" dir=\"ltr\" data-wpcf7-id=\"1287\">\n<div class=\"screen-reader-response\"><p role=\"status\" aria-live=\"polite\" aria-atomic=\"true\"><\/p> <ul><\/ul><\/div>\n<form action=\"\/index.php\/wp-json\/wp\/v2\/pages\/5332#wpcf7-f1287-o1\" method=\"post\" class=\"wpcf7-form init\" aria-label=\"Contact form\" novalidate=\"novalidate\" data-status=\"init\">\n<fieldset class=\"hidden-fields-container\"><input type=\"hidden\" name=\"_wpcf7\" value=\"1287\" \/><input type=\"hidden\" name=\"_wpcf7_version\" value=\"6.1.4\" \/><input type=\"hidden\" name=\"_wpcf7_locale\" value=\"en_US\" \/><input type=\"hidden\" name=\"_wpcf7_unit_tag\" value=\"wpcf7-f1287-o1\" \/><input type=\"hidden\" name=\"_wpcf7_container_post\" value=\"0\" \/><input type=\"hidden\" name=\"_wpcf7_posted_data_hash\" value=\"\" \/>\n<\/fieldset>\n<p class=\"mb-4 mb-lg-5\">Odpowiemy tak szybko jak mo\u017cliwe.\n<\/p>\n<div class=\"custom-form\">\n\t<div class=\"row\">\n\t\t<div class=\"col-12\">\n\t\t\t<p><span class=\"wpcf7-form-control-wrap\" data-name=\"text-952\"><input size=\"40\" maxlength=\"400\" class=\"wpcf7-form-control wpcf7-text\" aria-invalid=\"false\" placeholder=\"Imi\u0119\" value=\"\" type=\"text\" name=\"text-952\" \/><\/span>\n\t\t\t<\/p>\n\t\t<\/div>\n\t<\/div>\n\t<div class=\"row\">\n\t\t<div class=\"col-12\">\n\t\t\t<p><span class=\"wpcf7-form-control-wrap\" data-name=\"tel-163\"><input size=\"40\" maxlength=\"400\" class=\"wpcf7-form-control wpcf7-tel wpcf7-text wpcf7-validates-as-tel\" aria-invalid=\"false\" placeholder=\"Telefon\" value=\"\" type=\"tel\" name=\"tel-163\" \/><\/span>\n\t\t\t<\/p>\n\t\t<\/div>\n\t<\/div>\n\t<div class=\"row\">\n\t\t<div class=\"col-12 \">\n\t\t\t<p><span class=\"wpcf7-form-control-wrap\" data-name=\"email-141\"><input size=\"40\" maxlength=\"400\" class=\"wpcf7-form-control wpcf7-email wpcf7-text wpcf7-validates-as-email\" aria-invalid=\"false\" placeholder=\"Email\" value=\"\" type=\"email\" name=\"email-141\" \/><\/span>\n\t\t\t<\/p>\n\t\t<\/div>\n\t<\/div>\n\t<div class=\"row\">\n\t\t<div class=\"col-12\">\n\t\t\t<p><span class=\"wpcf7-form-control-wrap\" data-name=\"special-requests\"><textarea cols=\"40\" rows=\"10\" maxlength=\"2000\" class=\"wpcf7-form-control wpcf7-textarea\" aria-invalid=\"false\" placeholder=\"Wiadomo\u015b\u0107\" name=\"special-requests\"><\/textarea><\/span>\n\t\t\t<\/p>\n\t\t<\/div>\n\t<\/div>\n\t<div class=\"row\">\n\t\t<div class=\"col-12\" >\n\t\t\t<p><span class=\"wpcf7-form-control-wrap\" data-name=\"acceptance-646\"><span class=\"wpcf7-form-control wpcf7-acceptance\"><span class=\"wpcf7-list-item\"><label><input type=\"checkbox\" name=\"acceptance-646\" value=\"1\" aria-invalid=\"false\" \/><span class=\"wpcf7-list-item-label\">Zgadzam si\u0119 na przetwarzanie moich danych osobowych i zapozna\u0142em si\u0119 z Polityk\u0105 Prywatno\u015bci. Administratorem Pani\/Pana danych osobowych jest  Anna Bartosik, NIP 6343064149. Pe\u0142n\u0105 klauzul\u0119 informacyjn\u0105 znajdziesz pod tym <a href=\"http:\/\/iris-ink.pl\/RODO\/Iris-ink_Polityka_prywatnosci.pdf\" style=\"color:#666666; text-decoration: underline;\">adresem<\/a>.<\/span><\/label><\/span><\/span><\/span>\n\t\t\t<\/p>\n\t\t\t<p><input class=\"wpcf7-form-control wpcf7-submit has-spinner\" type=\"submit\" value=\"Wy\u015blij\" \/>\n\t\t\t<\/p>\n\t\t<\/div>\n\t<\/div>\n<\/div><div class=\"wpcf7-response-output\" aria-hidden=\"true\"><\/div>\n<\/form>\n<\/div>\n                        <\/div>\r\n                                    <\/div>\r\n            <\/div>\r\n\t\t<\/div>\r\n\t\t\t\t\t\t<\/div>\n\t\t\t\t<\/div>\n\t\t\t\t\t<\/div>\n\t\t<\/div>\n\t\t\t\t\t<\/div>\n\t\t<\/section>\n\t\t\t\t<\/div>\n\t\t","protected":false},"excerpt":{"rendered":"<p>Telefon 510 673 305 Adres ul. Misjonarzy Oblat\u00f3w MN 27 lok. 6 40-129 Katowice Email kontakt@iris-ink.pl Formularz kontaktowy Odpowiemy tak szybko jak mo\u017cliwe. Zgadzam si\u0119 na przetwarzanie moich danych osobowych i zapozna\u0142em si\u0119 z Polityk\u0105 Prywatno\u015bci. Administratorem Pani\/Pana danych osobowych jest Anna Bartosik, NIP 6343064149. Pe\u0142n\u0105 klauzul\u0119 informacyjn\u0105 znajdziesz pod tym adresem.<\/p>\n","protected":false},"author":1,"featured_media":0,"parent":0,"menu_order":0,"comment_status":"closed","ping_status":"closed","template":"","meta":{"inline_featured_image":false,"footnotes":""},"class_list":["post-5332","page","type-page","status-publish","hentry"],"_links":{"self":[{"href":"https:\/\/iris-ink.pl\/index.php\/wp-json\/wp\/v2\/pages\/5332","targetHints":{"allow":["GET"]}}],"collection":[{"href":"https:\/\/iris-ink.pl\/index.php\/wp-json\/wp\/v2\/pages"}],"about":[{"href":"https:\/\/iris-ink.pl\/index.php\/wp-json\/wp\/v2\/types\/page"}],"author":[{"embeddable":true,"href":"https:\/\/iris-ink.pl\/index.php\/wp-json\/wp\/v2\/users\/1"}],"replies":[{"embeddable":true,"href":"https:\/\/iris-ink.pl\/index.php\/wp-json\/wp\/v2\/comments?post=5332"}],"version-history":[{"count":23,"href":"https:\/\/iris-ink.pl\/index.php\/wp-json\/wp\/v2\/pages\/5332\/revisions"}],"predecessor-version":[{"id":6377,"href":"https:\/\/iris-ink.pl\/index.php\/wp-json\/wp\/v2\/pages\/5332\/revisions\/6377"}],"wp:attachment":[{"href":"https:\/\/iris-ink.pl\/index.php\/wp-json\/wp\/v2\/media?parent=5332"}],"curies":[{"name":"wp","href":"https:\/\/api.w.org\/{rel}","templated":true}]}}