{"id":5353,"date":"2025-05-01T10:43:19","date_gmt":"2025-05-01T10:43:19","guid":{"rendered":"https:\/\/veloura.uiparadox.com\/?page_id=212"},"modified":"2026-01-14T14:59:35","modified_gmt":"2026-01-14T14:59:35","slug":"uslugi","status":"publish","type":"page","link":"https:\/\/iris-ink.pl\/index.php\/uslugi\/","title":{"rendered":"Us\u0142ugi"},"content":{"rendered":"\t\t<div data-elementor-type=\"wp-page\" data-elementor-id=\"5353\" class=\"elementor elementor-5353\">\n\t\t\t\t\t\t<section class=\"elementor-section elementor-top-section elementor-element elementor-element-f9e9ff1 elementor-section-stretched elementor-section-boxed elementor-section-height-default elementor-section-height-default\" data-id=\"f9e9ff1\" data-element_type=\"section\" data-settings=\"{&quot;stretch_section&quot;:&quot;section-stretched&quot;}\">\n\t\t\t\t\t\t<div class=\"elementor-container elementor-column-gap-default\">\n\t\t\t\t\t<div class=\"elementor-column elementor-col-100 elementor-top-column elementor-element elementor-element-7359e18\" data-id=\"7359e18\" data-element_type=\"column\">\n\t\t\t<div class=\"elementor-widget-wrap elementor-element-populated\">\n\t\t\t\t\t\t<div class=\"elementor-element elementor-element-b69be87 elementor-widget__width-initial elementor-widget elementor-widget-veloura_service_box_one\" data-id=\"b69be87\" data-element_type=\"widget\" data-widget_type=\"veloura_service_box_one.default\">\n\t\t\t\t<div class=\"elementor-widget-container\">\n\t\t\t\t\t\n        <div class=\"veloura-service-box-wrapper \">\n            <div class=\"row\">\n                                        <div class=\"col-xl-3 col-lg-6 col-md-6\">\n                            <div class=\"service-one-item\">\n\n                                <div class=\"service-one-image\">\n                                    <img fetchpriority=\"high\" decoding=\"async\" width=\"1170\" height=\"1762\" src=\"https:\/\/iris-ink.pl\/wp-content\/uploads\/2026\/01\/1.png\" class=\"attachment-full size-full\" alt=\"\" srcset=\"https:\/\/iris-ink.pl\/wp-content\/uploads\/2026\/01\/1.png 1170w, https:\/\/iris-ink.pl\/wp-content\/uploads\/2026\/01\/1-199x300.png 199w, https:\/\/iris-ink.pl\/wp-content\/uploads\/2026\/01\/1-680x1024.png 680w, https:\/\/iris-ink.pl\/wp-content\/uploads\/2026\/01\/1-768x1157.png 768w, https:\/\/iris-ink.pl\/wp-content\/uploads\/2026\/01\/1-1020x1536.png 1020w\" sizes=\"(max-width: 1170px) 100vw, 1170px\" \/>                                <\/div>\n\n                                <div class=\"service-one-content d-flex align-items-end justify-content-between\">\n                                    <div class=\"\">\n                                        <a href=\"https:\/\/iris-ink.pl\/index.php\/service\/henna-pudrowa-brwi\/\" >\n                                            <h4 class=\"veloura-service-one-title\">Henna pudrowa brwi<\/h4>\n                                        <\/a>\n\n                                        <div class=\"veloura-service-one-desc veloura-last-p-0\">\n                                            Naturalne podkre\u015blenie brwi i efekt pe\u0142niejszych brwi                                        <\/div>\n                                    <\/div>\n\n                                    <div class=\"veloura-service-one-btn\">\n                                        <a href=\"https:\/\/iris-ink.pl\/index.php\/service\/henna-pudrowa-brwi\/\"><svg xmlns=\"http:\/\/www.w3.org\/2000\/svg\" width=\"43\"\n                                                height=\"42\" viewBox=\"0 0 43 42\" fill=\"none\">\n                                                <path\n                                                    d=\"M15.4524 27.3347L27.455 15.3308M27.455 15.3308L17.3787 15.3308M27.455 15.3308L27.455 25.4071\"\n                                                    stroke=\"#567656\" stroke-width=\"2.26987\" stroke-linecap=\"round\"\n                                                    stroke-linejoin=\"round\" \/>\n                                            <\/svg><\/a>\n                                    <\/div>\n                                <\/div>\n                            <\/div>\n                        <\/div>\n                                            <div class=\"col-xl-3 col-lg-6 col-md-6\">\n                            <div class=\"service-one-item\">\n\n                                <div class=\"service-one-image\">\n                                    <img decoding=\"async\" width=\"1170\" height=\"1762\" src=\"https:\/\/iris-ink.pl\/wp-content\/uploads\/2026\/01\/laminacja.png\" class=\"attachment-full size-full\" alt=\"\" srcset=\"https:\/\/iris-ink.pl\/wp-content\/uploads\/2026\/01\/laminacja.png 1170w, https:\/\/iris-ink.pl\/wp-content\/uploads\/2026\/01\/laminacja-199x300.png 199w, https:\/\/iris-ink.pl\/wp-content\/uploads\/2026\/01\/laminacja-680x1024.png 680w, https:\/\/iris-ink.pl\/wp-content\/uploads\/2026\/01\/laminacja-768x1157.png 768w, https:\/\/iris-ink.pl\/wp-content\/uploads\/2026\/01\/laminacja-1020x1536.png 1020w\" sizes=\"(max-width: 1170px) 100vw, 1170px\" \/>                                <\/div>\n\n                                <div class=\"service-one-content d-flex align-items-end justify-content-between\">\n                                    <div class=\"\">\n                                        <a href=\"https:\/\/iris-ink.pl\/index.php\/service\/laminacja-brwi\" >\n                                            <h4 class=\"veloura-service-one-title\">Laminacja brwi<\/h4>\n                                        <\/a>\n\n                                        <div class=\"veloura-service-one-desc veloura-last-p-0\">\n                                            Stylizacja i ujarzmienie w\u0142osk\u00f3w, kt\u00f3re nadaj\u0105 brwiom idealny kszta\u0142t i wygl\u0105d.                                        <\/div>\n                                    <\/div>\n\n                                    <div class=\"veloura-service-one-btn\">\n                                        <a href=\"https:\/\/iris-ink.pl\/index.php\/service\/laminacja-brwi\"><svg xmlns=\"http:\/\/www.w3.org\/2000\/svg\" width=\"43\"\n                                                height=\"42\" viewBox=\"0 0 43 42\" fill=\"none\">\n                                                <path\n                                                    d=\"M15.4524 27.3347L27.455 15.3308M27.455 15.3308L17.3787 15.3308M27.455 15.3308L27.455 25.4071\"\n                                                    stroke=\"#567656\" stroke-width=\"2.26987\" stroke-linecap=\"round\"\n                                                    stroke-linejoin=\"round\" \/>\n                                            <\/svg><\/a>\n                                    <\/div>\n                                <\/div>\n                            <\/div>\n                        <\/div>\n                                            <div class=\"col-xl-3 col-lg-6 col-md-6\">\n                            <div class=\"service-one-item\">\n\n                                <div class=\"service-one-image\">\n                                    <img decoding=\"async\" width=\"1170\" height=\"1762\" src=\"https:\/\/iris-ink.pl\/wp-content\/uploads\/2026\/01\/3.-makijaz.png\" class=\"attachment-full size-full\" alt=\"\" srcset=\"https:\/\/iris-ink.pl\/wp-content\/uploads\/2026\/01\/3.-makijaz.png 1170w, https:\/\/iris-ink.pl\/wp-content\/uploads\/2026\/01\/3.-makijaz-199x300.png 199w, https:\/\/iris-ink.pl\/wp-content\/uploads\/2026\/01\/3.-makijaz-680x1024.png 680w, https:\/\/iris-ink.pl\/wp-content\/uploads\/2026\/01\/3.-makijaz-768x1157.png 768w, https:\/\/iris-ink.pl\/wp-content\/uploads\/2026\/01\/3.-makijaz-1020x1536.png 1020w\" sizes=\"(max-width: 1170px) 100vw, 1170px\" \/>                                <\/div>\n\n                                <div class=\"service-one-content d-flex align-items-end justify-content-between\">\n                                    <div class=\"\">\n                                        <a href=\"https:\/\/iris-ink.pl\/index.php\/service\/makijaz-permanentny-brwi\" >\n                                            <h4 class=\"veloura-service-one-title\">Makija\u017c permanentny brwi <\/h4>\n                                        <\/a>\n\n                                        <div class=\"veloura-service-one-desc veloura-last-p-0\">\n                                            Trwa\u0142e podkre\u015blenie brwi i dopasowane do rys\u00f3w twarzy                                        <\/div>\n                                    <\/div>\n\n                                    <div class=\"veloura-service-one-btn\">\n                                        <a href=\"https:\/\/iris-ink.pl\/index.php\/service\/makijaz-permanentny-brwi\"><svg xmlns=\"http:\/\/www.w3.org\/2000\/svg\" width=\"43\"\n                                                height=\"42\" viewBox=\"0 0 43 42\" fill=\"none\">\n                                                <path\n                                                    d=\"M15.4524 27.3347L27.455 15.3308M27.455 15.3308L17.3787 15.3308M27.455 15.3308L27.455 25.4071\"\n                                                    stroke=\"#567656\" stroke-width=\"2.26987\" stroke-linecap=\"round\"\n                                                    stroke-linejoin=\"round\" \/>\n                                            <\/svg><\/a>\n                                    <\/div>\n                                <\/div>\n                            <\/div>\n                        <\/div>\n                                            <div class=\"col-xl-3 col-lg-6 col-md-6\">\n                            <div class=\"service-one-item\">\n\n                                <div class=\"service-one-image\">\n                                    <img loading=\"lazy\" decoding=\"async\" width=\"1170\" height=\"1762\" src=\"https:\/\/iris-ink.pl\/wp-content\/uploads\/2026\/01\/4.-mezoterapia.png\" class=\"attachment-full size-full\" alt=\"\" srcset=\"https:\/\/iris-ink.pl\/wp-content\/uploads\/2026\/01\/4.-mezoterapia.png 1170w, https:\/\/iris-ink.pl\/wp-content\/uploads\/2026\/01\/4.-mezoterapia-199x300.png 199w, https:\/\/iris-ink.pl\/wp-content\/uploads\/2026\/01\/4.-mezoterapia-680x1024.png 680w, https:\/\/iris-ink.pl\/wp-content\/uploads\/2026\/01\/4.-mezoterapia-768x1157.png 768w, https:\/\/iris-ink.pl\/wp-content\/uploads\/2026\/01\/4.-mezoterapia-1020x1536.png 1020w\" sizes=\"(max-width: 1170px) 100vw, 1170px\" \/>                                <\/div>\n\n                                <div class=\"service-one-content d-flex align-items-end justify-content-between\">\n                                    <div class=\"\">\n                                        <a href=\"https:\/\/iris-ink.pl\/index.php\/service\/mezoterapia-mikroiglowa\" >\n                                            <h4 class=\"veloura-service-one-title\">Mezoterapia mikroig\u0142owa<\/h4>\n                                        <\/a>\n\n                                        <div class=\"veloura-service-one-desc veloura-last-p-0\">\n                                            Zabieg regeneruj\u0105cy sk\u00f3r\u0119 i poprawiaj\u0105cy jej j\u0119drno\u015b\u0107                                        <\/div>\n                                    <\/div>\n\n                                    <div class=\"veloura-service-one-btn\">\n                                        <a href=\"https:\/\/iris-ink.pl\/index.php\/service\/mezoterapia-mikroiglowa\"><svg xmlns=\"http:\/\/www.w3.org\/2000\/svg\" width=\"43\"\n                                                height=\"42\" viewBox=\"0 0 43 42\" fill=\"none\">\n                                                <path\n                                                    d=\"M15.4524 27.3347L27.455 15.3308M27.455 15.3308L17.3787 15.3308M27.455 15.3308L27.455 25.4071\"\n                                                    stroke=\"#567656\" stroke-width=\"2.26987\" stroke-linecap=\"round\"\n                                                    stroke-linejoin=\"round\" \/>\n                                            <\/svg><\/a>\n                                    <\/div>\n                                <\/div>\n                            <\/div>\n                        <\/div>\n                                            <div class=\"col-xl-3 col-lg-6 col-md-6\">\n                            <div class=\"service-one-item\">\n\n                                <div class=\"service-one-image\">\n                                    <img loading=\"lazy\" decoding=\"async\" width=\"1170\" height=\"1762\" src=\"https:\/\/iris-ink.pl\/wp-content\/uploads\/2026\/01\/5.-peeling.png\" class=\"attachment-full size-full\" alt=\"\" srcset=\"https:\/\/iris-ink.pl\/wp-content\/uploads\/2026\/01\/5.-peeling.png 1170w, https:\/\/iris-ink.pl\/wp-content\/uploads\/2026\/01\/5.-peeling-199x300.png 199w, https:\/\/iris-ink.pl\/wp-content\/uploads\/2026\/01\/5.-peeling-680x1024.png 680w, https:\/\/iris-ink.pl\/wp-content\/uploads\/2026\/01\/5.-peeling-768x1157.png 768w, https:\/\/iris-ink.pl\/wp-content\/uploads\/2026\/01\/5.-peeling-1020x1536.png 1020w\" sizes=\"(max-width: 1170px) 100vw, 1170px\" \/>                                <\/div>\n\n                                <div class=\"service-one-content d-flex align-items-end justify-content-between\">\n                                    <div class=\"\">\n                                        <a href=\"https:\/\/iris-ink.pl\/index.php\/service\/peeling-kwasowy\" >\n                                            <h4 class=\"veloura-service-one-title\">Peeling kwasowy<\/h4>\n                                        <\/a>\n\n                                        <div class=\"veloura-service-one-desc veloura-last-p-0\">\n                                            <p>Oczyszczenie i od\u015bwie\u017cenie sk\u00f3ry poprzez z\u0142uszczenie martwego nask\u00f3rka.<\/p>                                        <\/div>\n                                    <\/div>\n\n                                    <div class=\"veloura-service-one-btn\">\n                                        <a href=\"https:\/\/iris-ink.pl\/index.php\/service\/peeling-kwasowy\"><svg xmlns=\"http:\/\/www.w3.org\/2000\/svg\" width=\"43\"\n                                                height=\"42\" viewBox=\"0 0 43 42\" fill=\"none\">\n                                                <path\n                                                    d=\"M15.4524 27.3347L27.455 15.3308M27.455 15.3308L17.3787 15.3308M27.455 15.3308L27.455 25.4071\"\n                                                    stroke=\"#567656\" stroke-width=\"2.26987\" stroke-linecap=\"round\"\n                                                    stroke-linejoin=\"round\" \/>\n                                            <\/svg><\/a>\n                                    <\/div>\n                                <\/div>\n                            <\/div>\n                        <\/div>\n                                            <div class=\"col-xl-3 col-lg-6 col-md-6\">\n                            <div class=\"service-one-item\">\n\n                                <div class=\"service-one-image\">\n                                    <img loading=\"lazy\" decoding=\"async\" width=\"1170\" height=\"1762\" src=\"https:\/\/iris-ink.pl\/wp-content\/uploads\/2026\/01\/6.-piercing.png\" class=\"attachment-full size-full\" alt=\"\" srcset=\"https:\/\/iris-ink.pl\/wp-content\/uploads\/2026\/01\/6.-piercing.png 1170w, https:\/\/iris-ink.pl\/wp-content\/uploads\/2026\/01\/6.-piercing-199x300.png 199w, https:\/\/iris-ink.pl\/wp-content\/uploads\/2026\/01\/6.-piercing-680x1024.png 680w, https:\/\/iris-ink.pl\/wp-content\/uploads\/2026\/01\/6.-piercing-768x1157.png 768w, https:\/\/iris-ink.pl\/wp-content\/uploads\/2026\/01\/6.-piercing-1020x1536.png 1020w\" sizes=\"(max-width: 1170px) 100vw, 1170px\" \/>                                <\/div>\n\n                                <div class=\"service-one-content d-flex align-items-end justify-content-between\">\n                                    <div class=\"\">\n                                        <a href=\"https:\/\/iris-ink.pl\/index.php\/service\/piercing\" >\n                                            <h4 class=\"veloura-service-one-title\">Piercing<\/h4>\n                                        <\/a>\n\n                                        <div class=\"veloura-service-one-desc veloura-last-p-0\">\n                                            <p>Profesjonalne i bezpieczne przek\u0142uwanie z zachowaniem standard\u00f3w higieny<\/p>                                        <\/div>\n                                    <\/div>\n\n                                    <div class=\"veloura-service-one-btn\">\n                                        <a href=\"https:\/\/iris-ink.pl\/index.php\/service\/piercing\"><svg xmlns=\"http:\/\/www.w3.org\/2000\/svg\" width=\"43\"\n                                                height=\"42\" viewBox=\"0 0 43 42\" fill=\"none\">\n                                                <path\n                                                    d=\"M15.4524 27.3347L27.455 15.3308M27.455 15.3308L17.3787 15.3308M27.455 15.3308L27.455 25.4071\"\n                                                    stroke=\"#567656\" stroke-width=\"2.26987\" stroke-linecap=\"round\"\n                                                    stroke-linejoin=\"round\" \/>\n                                            <\/svg><\/a>\n                                    <\/div>\n                                <\/div>\n                            <\/div>\n                        <\/div>\n                                            <div class=\"col-xl-3 col-lg-6 col-md-6\">\n                            <div class=\"service-one-item\">\n\n                                <div class=\"service-one-image\">\n                                    <img loading=\"lazy\" decoding=\"async\" width=\"1170\" height=\"1762\" src=\"https:\/\/iris-ink.pl\/wp-content\/uploads\/2026\/01\/7.-usuwanie.png\" class=\"attachment-full size-full\" alt=\"\" srcset=\"https:\/\/iris-ink.pl\/wp-content\/uploads\/2026\/01\/7.-usuwanie.png 1170w, https:\/\/iris-ink.pl\/wp-content\/uploads\/2026\/01\/7.-usuwanie-199x300.png 199w, https:\/\/iris-ink.pl\/wp-content\/uploads\/2026\/01\/7.-usuwanie-680x1024.png 680w, https:\/\/iris-ink.pl\/wp-content\/uploads\/2026\/01\/7.-usuwanie-768x1157.png 768w, https:\/\/iris-ink.pl\/wp-content\/uploads\/2026\/01\/7.-usuwanie-1020x1536.png 1020w\" sizes=\"(max-width: 1170px) 100vw, 1170px\" \/>                                <\/div>\n\n                                <div class=\"service-one-content d-flex align-items-end justify-content-between\">\n                                    <div class=\"\">\n                                        <a href=\"https:\/\/iris-ink.pl\/index.php\/service\/usuwanie-laserowe-pmu\" >\n                                            <h4 class=\"veloura-service-one-title\">Usuwanie laserowe PMU<\/h4>\n                                        <\/a>\n\n                                        <div class=\"veloura-service-one-desc veloura-last-p-0\">\n                                            <p>Precyzyjne i bezpieczne usuwanie makija\u017cu.\u00a0<\/p>                                        <\/div>\n                                    <\/div>\n\n                                    <div class=\"veloura-service-one-btn\">\n                                        <a href=\"https:\/\/iris-ink.pl\/index.php\/service\/usuwanie-laserowe-pmu\"><svg xmlns=\"http:\/\/www.w3.org\/2000\/svg\" width=\"43\"\n                                                height=\"42\" viewBox=\"0 0 43 42\" fill=\"none\">\n                                                <path\n                                                    d=\"M15.4524 27.3347L27.455 15.3308M27.455 15.3308L17.3787 15.3308M27.455 15.3308L27.455 25.4071\"\n                                                    stroke=\"#567656\" stroke-width=\"2.26987\" stroke-linecap=\"round\"\n                                                    stroke-linejoin=\"round\" \/>\n                                            <\/svg><\/a>\n                                    <\/div>\n                                <\/div>\n                            <\/div>\n                        <\/div>\n                                <\/div>\n        <\/div>\n        \t\t\t\t<\/div>\n\t\t\t\t<\/div>\n\t\t\t\t\t<\/div>\n\t\t<\/div>\n\t\t\t\t\t<\/div>\n\t\t<\/section>\n\t\t\t\t<\/div>\n\t\t","protected":false},"excerpt":{"rendered":"<p>Henna pudrowa brwi Naturalne podkre\u015blenie brwi i efekt pe\u0142niejszych brwi Laminacja brwi Stylizacja i ujarzmienie w\u0142osk\u00f3w, kt\u00f3re nadaj\u0105 brwiom idealny kszta\u0142t i wygl\u0105d. Makija\u017c permanentny brwi Trwa\u0142e podkre\u015blenie brwi i dopasowane do rys\u00f3w twarzy Mezoterapia mikroig\u0142owa Zabieg regeneruj\u0105cy sk\u00f3r\u0119 i poprawiaj\u0105cy jej j\u0119drno\u015b\u0107 Peeling kwasowy Oczyszczenie i od\u015bwie\u017cenie sk\u00f3ry poprzez z\u0142uszczenie martwego nask\u00f3rka. Piercing Profesjonalne [&hellip;]<\/p>\n","protected":false},"author":1,"featured_media":0,"parent":0,"menu_order":0,"comment_status":"closed","ping_status":"closed","template":"","meta":{"inline_featured_image":false,"footnotes":""},"class_list":["post-5353","page","type-page","status-publish","hentry"],"_links":{"self":[{"href":"https:\/\/iris-ink.pl\/index.php\/wp-json\/wp\/v2\/pages\/5353","targetHints":{"allow":["GET"]}}],"collection":[{"href":"https:\/\/iris-ink.pl\/index.php\/wp-json\/wp\/v2\/pages"}],"about":[{"href":"https:\/\/iris-ink.pl\/index.php\/wp-json\/wp\/v2\/types\/page"}],"author":[{"embeddable":true,"href":"https:\/\/iris-ink.pl\/index.php\/wp-json\/wp\/v2\/users\/1"}],"replies":[{"embeddable":true,"href":"https:\/\/iris-ink.pl\/index.php\/wp-json\/wp\/v2\/comments?post=5353"}],"version-history":[{"count":47,"href":"https:\/\/iris-ink.pl\/index.php\/wp-json\/wp\/v2\/pages\/5353\/revisions"}],"predecessor-version":[{"id":6465,"href":"https:\/\/iris-ink.pl\/index.php\/wp-json\/wp\/v2\/pages\/5353\/revisions\/6465"}],"wp:attachment":[{"href":"https:\/\/iris-ink.pl\/index.php\/wp-json\/wp\/v2\/media?parent=5353"}],"curies":[{"name":"wp","href":"https:\/\/api.w.org\/{rel}","templated":true}]}}